{"id":11,"date":"2017-02-28T16:22:22","date_gmt":"2017-02-28T15:22:22","guid":{"rendered":"http:\/\/boute-yves.toutfaire.fr\/?page_id=11"},"modified":"2017-07-10T17:44:00","modified_gmt":"2017-07-10T15:44:00","slug":"nos-services","status":"publish","type":"page","link":"http:\/\/bouteyves.fr\/?page_id=11","title":{"rendered":"Nos Services"},"content":{"rendered":"<table>\n<tbody>\n<tr>\n<td width=\"70\"><img loading=\"lazy\" decoding=\"async\" class=\"alignnone size-full wp-image-417\" src=\"http:\/\/boute-yves.toutfaire.fr\/wp-content\/uploads\/2017\/04\/services_accueil.gif\" alt=\"\" width=\"65\" height=\"65\" \/><\/td>\n<td><b>VOUS ACCUEILLIR DU LUNDI AU VENDREDI<\/b><\/td>\n<td><i>Vous proposer LA qualite au meilleurs prix<br \/>\nToute la semaine, tous les services de votre magasin TOUT FAIRE MATERIAUX sont \u00e0 votre disposition tout pr\u00e8s de chez vous. Pour les professionnels les plus exigeants, TOUT FAIRE MATERIAUX est toujours l\u00e0.<\/i><\/td>\n<\/tr>\n<tr>\n<td width=\"65\"><img loading=\"lazy\" decoding=\"async\" class=\"alignnone size-full wp-image-412\" src=\"http:\/\/boute-yves.toutfaire.fr\/wp-content\/uploads\/2017\/04\/services_livraisons.gif\" alt=\"\" width=\"65\" height=\"65\" \/><\/td>\n<td><b>VOUS LIVRER SUR CHANTIER<\/b><\/td>\n<td><i><img loading=\"lazy\" decoding=\"async\" class=\"size-medium wp-image-456 alignleft\" src=\"http:\/\/boute-yves.toutfaire.fr\/wp-content\/uploads\/2017\/02\/boute-st-etienne_009_350x0-300x225.jpg\" alt=\"\" width=\"300\" height=\"225\" srcset=\"http:\/\/bouteyves.fr\/wp-content\/uploads\/2017\/02\/boute-st-etienne_009_350x0-300x225.jpg 300w, http:\/\/bouteyves.fr\/wp-content\/uploads\/2017\/02\/boute-st-etienne_009_350x0.jpg 350w\" sizes=\"(max-width: 300px) 100vw, 300px\" \/>Vos mat\u00e9riaux livr\u00e9s sur votre chantier avec possibilit\u00e9 de d\u00e9chargement grue par nos chauffeurs-livreurs exp\u00e9riment\u00e9s du lundi au vendredi.<\/i><\/td>\n<\/tr>\n<tr>\n<td width=\"65\">\n<p align=\"left\"><img loading=\"lazy\" decoding=\"async\" class=\"alignnone size-full wp-image-409\" src=\"http:\/\/boute-yves.toutfaire.fr\/wp-content\/uploads\/2017\/04\/services_conseils.gif\" alt=\"\" width=\"65\" height=\"65\" \/><\/p>\n<\/td>\n<td><b>VOUS CONSEILLER ET TROUVER DES SOLUTIONS<\/b><\/td>\n<td>\n<div class=\"isoBlockPosition-none isoFloatClear-none fontFamilyStandardText fontSizeNormal fontColorStandardText \">\n<p align=\"left\"><i>Dans chacun de nos points de vente, des professionnels comp\u00e9tents connaissent parfaitement vos besoins et vos contraintes. Ils sont \u00e0 votre service pour trouver les meilleures r\u00e9ponses \u00e0 vos attentes.<\/i><\/p>\n<\/div>\n<\/td>\n<\/tr>\n<td width=\"65\">\n<p align=\"left\"><img loading=\"lazy\" decoding=\"async\" class=\"alignnone size-full wp-image-414\" src=\"http:\/\/boute-yves.toutfaire.fr\/wp-content\/uploads\/2017\/04\/services_qualite.gif\" alt=\"\" width=\"65\" height=\"65\" \/><\/p>\n<\/td>\n<td><b>VOUS PROPOSER LE MEILLEUR DE LA QUALIT\u00c9 AU MEILLEUR PRIX<\/b><\/td>\n<td>\n<p align=\"left\"><i>Vos besoins, vos attentes, vos imp\u00e9ratifs sont uniques. TOUT FAIRE MATERIAUX les comprend et apporte la r\u00e9ponse qui vous correspond. Des professionnels \u00e0 votre \u00e9coute, dans tous les magasins TOUT FAIRE MATERIAUX.<\/i><\/p>\n<\/td>\n<\/tr>\n<\/tbody>\n<\/table>\n","protected":false},"excerpt":{"rendered":"<p>VOUS ACCUEILLIR DU LUNDI AU VENDREDI Vous proposer LA qualite au meilleurs prix Toute la semaine, tous les services de votre magasin TOUT FAIRE MATERIAUX sont \u00e0 votre disposition tout pr\u00e8s de chez vous. Pour les professionnels les plus exigeants, TOUT FAIRE MATERIAUX est toujours l\u00e0. VOUS LIVRER SUR CHANTIER Vos mat\u00e9riaux livr\u00e9s sur votre [&hellip;]<\/p>\n","protected":false},"author":1,"featured_media":0,"parent":0,"menu_order":0,"comment_status":"closed","ping_status":"closed","template":"","meta":{"footnotes":""},"class_list":["post-11","page","type-page","status-publish","hentry"],"_links":{"self":[{"href":"http:\/\/bouteyves.fr\/index.php?rest_route=\/wp\/v2\/pages\/11"}],"collection":[{"href":"http:\/\/bouteyves.fr\/index.php?rest_route=\/wp\/v2\/pages"}],"about":[{"href":"http:\/\/bouteyves.fr\/index.php?rest_route=\/wp\/v2\/types\/page"}],"author":[{"embeddable":true,"href":"http:\/\/bouteyves.fr\/index.php?rest_route=\/wp\/v2\/users\/1"}],"replies":[{"embeddable":true,"href":"http:\/\/bouteyves.fr\/index.php?rest_route=%2Fwp%2Fv2%2Fcomments&post=11"}],"version-history":[{"count":24,"href":"http:\/\/bouteyves.fr\/index.php?rest_route=\/wp\/v2\/pages\/11\/revisions"}],"predecessor-version":[{"id":479,"href":"http:\/\/bouteyves.fr\/index.php?rest_route=\/wp\/v2\/pages\/11\/revisions\/479"}],"wp:attachment":[{"href":"http:\/\/bouteyves.fr\/index.php?rest_route=%2Fwp%2Fv2%2Fmedia&parent=11"}],"curies":[{"name":"wp","href":"https:\/\/api.w.org\/{rel}","templated":true}]}}